{"id":78,"date":"2013-11-04T16:17:43","date_gmt":"2013-11-04T14:17:43","guid":{"rendered":"http:\/\/www.christinakhosrowi.com\/?page_id=78"},"modified":"2019-08-27T15:42:18","modified_gmt":"2019-08-27T13:42:18","slug":"christina-khosrowi-2","status":"publish","type":"page","link":"http:\/\/www.christinakhosrowi.com\/fr\/","title":{"rendered":"Christina Khosrowi"},"content":{"rendered":"<p>La soprano Christina Khosrowi est n\u00e9e \u00e0 Cologne et a \u00e9tudi\u00e9 dans les classes de Julia Varady et Wolfram Rieger \u00e0 la Hochschule Hanns Eisler de Berlin. Depuis 2013 elle est \u00e9l\u00e8ve de Marie McLaughlin (London).<\/p>\n<p>En mai 2006, elle fait ses d\u00e9buts au Staatsoper Unter den Linden de Berlin dans le r\u00f4le de Flora dans \u201eLa Traviata\u201c de G.Verdi sous la direction musicale de Paolo Arrivabeni.<\/p>\n<p>S&rsquo;ensuivent plusieurs engagements, notamment avec le Th\u00e9\u00e2tre National de Brunswick, les Op\u00e9ras de Cologne, Br\u00eame, Dortmund et Gdansk et les non moins c\u00e9l\u00e8bres Saint-George&rsquo;s Hall de Liverpool et Konzerthaus Berlin. Elle y interpr\u00e8te de nombreux r\u00f4les parmi lesquels ceux du Batteur dans \u201eL&rsquo;Empereur d&rsquo;Atlantis\u201c de V. Ullmann, du Compositeur dans \u201eAriane \u00e0 Naxos\u201c de R. Strauss, d&rsquo;Amastre dans \u201eXerxes\u201c de G. F. H\u00e4ndel, de Candide dans \u201eEmilia di Liverpool\u201c de G. Donizetti et des Seconde et Troisi\u00e8me Dame dans \u201eLa fl\u00fbte enchant\u00e9e\u201c de W. A. Mozart.<\/p>\n<p>En 2009, elle se produit aux c\u00f4t\u00e9s d&rsquo;Edita Gruberova dans le r\u00f4le de Smeton d&rsquo;\u201eAnna Bolena\u201c de G. Donizetti sous la baguette de Ralf Weikert \u00e0 l&rsquo;op\u00e9ra de Cologne.<\/p>\n<p>Elle interpr\u00e8te ensuite Magdalena dans \u201eLes Ma\u00eetres Chanteurs de Nuremberg\u201c de R. Wagner au Festival de Erl, Maddalena dans \u201eRigoletto\u201c de G. Verdi au Festival de l&rsquo;Op\u00e9ra de St- Margarethen, Saffi dans \u201eLe Zigeunerbaron\u201c de J. Strauss \u00e0 Gand et \u00e0 Anvers, la Muse\/Nicklausse dans \u201eLes Contes d\u2019Hoffmann\u201c au Th\u00e9atre National de Darmstadt, Rossweisse dans la \u201eWalkyrie\u201c de R. Wagner \u00e0 l&rsquo;op\u00e9ra de Cologne et au Grand Th\u00e9atre de Shanghai, Boccaccio dans l\u2019opera du meme nom de F. v. Supp\u00e9 \u00e0 l&rsquo;Op\u00e9ra de Baden\/Vienne ainsi qu&rsquo;Annio dans \u201eLa Cl\u00e9mence de Titus\u201c de W. A. Mozart \u00e0 l&rsquo;Op\u00e9ra de Erfurt et finalement Flora de nouveau dans \u201eLa Traviata\u201c au Staatsoper Unter den Linden Berlin sous la direction musicale de Markus Stenz, Michael Sanderling, Alexander Joel et Enrico Delamboye.<\/p>\n<p>En 2013, elle chantait pour la premi\u00e8re fois, avec un grand succ\u00e8s, \u201eBrang\u00e4ne\u201c dans \u201eTristan et Isolde\u201c de R. Wagner au Th\u00e9\u00e2tre de Meiningen, r\u00f4le qu\u2019elle interpr\u00e9tera de nouveau \u00e0 la saison prochaine.<\/p>\n<p><a href=\"http:\/\/www.christinakhosrowi.com\/wp-content\/uploads\/2013\/08\/cv-francais.pdf\">Download CV<\/a><\/p>\n","protected":false},"excerpt":{"rendered":"<p>La soprano Christina Khosrowi est n\u00e9e \u00e0 Cologne et a \u00e9tudi\u00e9 dans les classes de Julia Varady et Wolfram Rieger \u00e0 la Hochschule Hanns Eisler de Berlin. Depuis 2013 elle est \u00e9l\u00e8ve de Marie McLaughlin (London). En mai 2006, elle fait ses d\u00e9buts au Staatsoper Unter den Linden de Berlin dans le r\u00f4le de Flora [&hellip;]<\/p>\n","protected":false},"author":1,"featured_media":280,"parent":0,"menu_order":0,"comment_status":"closed","ping_status":"open","template":"page-cv.php","meta":[],"acf":[],"_links":{"self":[{"href":"http:\/\/www.christinakhosrowi.com\/fr\/wp-json\/wp\/v2\/pages\/78"}],"collection":[{"href":"http:\/\/www.christinakhosrowi.com\/fr\/wp-json\/wp\/v2\/pages"}],"about":[{"href":"http:\/\/www.christinakhosrowi.com\/fr\/wp-json\/wp\/v2\/types\/page"}],"author":[{"embeddable":true,"href":"http:\/\/www.christinakhosrowi.com\/fr\/wp-json\/wp\/v2\/users\/1"}],"replies":[{"embeddable":true,"href":"http:\/\/www.christinakhosrowi.com\/fr\/wp-json\/wp\/v2\/comments?post=78"}],"version-history":[{"count":0,"href":"http:\/\/www.christinakhosrowi.com\/fr\/wp-json\/wp\/v2\/pages\/78\/revisions"}],"wp:featuredmedia":[{"embeddable":true,"href":"http:\/\/www.christinakhosrowi.com\/fr\/wp-json\/wp\/v2\/media\/280"}],"wp:attachment":[{"href":"http:\/\/www.christinakhosrowi.com\/fr\/wp-json\/wp\/v2\/media?parent=78"}],"curies":[{"name":"wp","href":"https:\/\/api.w.org\/{rel}","templated":true}]}}